{"id":1250,"date":"2025-07-03T13:29:59","date_gmt":"2025-07-03T13:29:59","guid":{"rendered":"https:\/\/onelifeclinic.com\/contact\/"},"modified":"2025-11-24T14:28:44","modified_gmt":"2025-11-24T14:28:44","slug":"contact","status":"publish","type":"page","link":"https:\/\/onelifeclinic.com\/en\/contact\/","title":{"rendered":"Contact"},"content":{"rendered":"<div class=\"et_pb_section_0 et_pb_section et_section_regular et_block_section preset--group--divi-section--divi-background--default preset--group--divi-section--divi-spacing--default\">\n<div class=\"et_pb_row_0 et_pb_row et_block_row preset--group--divi-row--divi-background--default preset--group--divi-row--divi-spacing--default preset--module--divi-row--default\">\n<div class=\"et_pb_column_0 et_pb_column et_pb_column_1_2 et_block_column et_pb_css_mix_blend_mode_passthrough preset--group--divi-column--divi-background--default preset--group--divi-column--divi-spacing--default\">\n<div class=\"et_pb_text_0 et_pb_text et_pb_bg_layout_light et_pb_module et_block_module season textAnimation preset--group--divi-text--divi-background--default preset--group--divi-text--divi-spacing--default preset--group--divi-text--divi-font-header--default preset--module--divi-text--default\"><div class=\"et_pb_text_inner\"><h2>Your well-being is our priority. How can we assist you? <\/h2>\n<\/div><\/div>\n<\/div>\n\n<div class=\"et_pb_column_1 et_pb_column et_pb_column_1_2 et-last-child et_block_column et_pb_css_mix_blend_mode_passthrough preset--group--divi-column--divi-background--default preset--group--divi-column--divi-spacing--default\">\n<div class=\"divisupreme_contact_form7_0 divisupreme_contact_form7 et_pb_module season\"><div class=\"et_pb_module_inner\">\n<div class=\"wpcf7 no-js\" id=\"wpcf7-f14-o1\" lang=\"es-ES\" dir=\"ltr\" data-wpcf7-id=\"14\">\n<div class=\"screen-reader-response\"><p role=\"status\" aria-live=\"polite\" aria-atomic=\"true\"><\/p> <ul><\/ul><\/div>\n<form action=\"\/en\/wp-json\/wp\/v2\/pages\/1250#wpcf7-f14-o1\" method=\"post\" class=\"wpcf7-form init\" aria-label=\"Contact form\" novalidate=\"novalidate\" data-status=\"init\">\n<fieldset class=\"hidden-fields-container\"><input type=\"hidden\" name=\"_wpcf7\" value=\"14\" \/><input type=\"hidden\" name=\"_wpcf7_version\" value=\"6.1.5\" \/><input type=\"hidden\" name=\"_wpcf7_locale\" value=\"es_ES\" \/><input type=\"hidden\" name=\"_wpcf7_unit_tag\" value=\"wpcf7-f14-o1\" \/><input type=\"hidden\" name=\"_wpcf7_container_post\" value=\"0\" \/><input type=\"hidden\" name=\"_wpcf7_posted_data_hash\" value=\"\" \/>\n<\/fieldset>\n<p><span class=\"wpcf7-form-control-wrap\" data-name=\"your-name\"><input size=\"40\" maxlength=\"400\" class=\"wpcf7-form-control wpcf7-text wpcf7-validates-as-required\" autocomplete=\"nombre\" aria-required=\"true\" aria-invalid=\"false\" placeholder=\"Nombre\" value=\"\" type=\"text\" name=\"your-name\" \/><\/span><br \/>\n<span class=\"wpcf7-form-control-wrap\" data-name=\"lastname\"><input size=\"40\" maxlength=\"400\" class=\"wpcf7-form-control wpcf7-text wpcf7-validates-as-required\" autocomplete=\"apellidos\" aria-required=\"true\" aria-invalid=\"false\" placeholder=\"Apellidos\" value=\"\" type=\"text\" name=\"lastname\" \/><\/span><br \/>\n<span class=\"wpcf7-form-control-wrap\" data-name=\"your-email\"><input size=\"40\" maxlength=\"400\" class=\"wpcf7-form-control wpcf7-email wpcf7-validates-as-required wpcf7-text wpcf7-validates-as-email\" autocomplete=\"email\" aria-required=\"true\" aria-invalid=\"false\" placeholder=\"Email\" value=\"\" type=\"email\" name=\"your-email\" \/><\/span><br \/>\n<span class=\"wpcf7-form-control-wrap\" data-name=\"tel-402\"><input size=\"40\" maxlength=\"400\" class=\"wpcf7-form-control wpcf7-tel wpcf7-validates-as-required wpcf7-text wpcf7-validates-as-tel\" autocomplete=\"telefono\" aria-required=\"true\" aria-invalid=\"false\" placeholder=\"Tel\u00e9fono\" value=\"\" type=\"tel\" name=\"tel-402\" \/><\/span><br \/>\n<span class=\"wpcf7-form-control-wrap\" data-name=\"your-message\"><textarea cols=\"40\" rows=\"10\" maxlength=\"2000\" class=\"wpcf7-form-control wpcf7-textarea\" aria-invalid=\"false\" placeholder=\"Mensaje\" name=\"your-message\"><\/textarea><\/span><br \/>\n<span class=\"wpcf7-form-control-wrap\" data-name=\"grpd\"><span class=\"wpcf7-form-control wpcf7-acceptance\"><span class=\"wpcf7-list-item\"><label><input type=\"checkbox\" name=\"grpd\" value=\"1\" aria-invalid=\"false\" \/><span class=\"wpcf7-list-item-label\">Acepto la <a href=\"https:\/\/onelifeclinic.com\/politica-de-privacidad\">pol\u00edtica de privacidad<\/a><\/span><\/label><\/span><\/span><\/span><br \/>\n<input class=\"wpcf7-form-control wpcf7-submit has-spinner\" type=\"submit\" value=\"Send\" \/><span class=\"disclaimer\"><span>La discreci\u00f3n y la privacidad son nuestra prioridad. Contamos con un riguroso protocolo de protecci\u00f3n de datos, garantizando su confidencialidad en todo momento.<\/span><br \/>\n<span>Los datos proporcionados a trav\u00e9s de este formulario ser\u00e1n tratados por One Life con la finalidad de gestionar su solicitud de contacto. Puede ejercer sus derechos de acceso, rectificaci\u00f3n y eliminaci\u00f3n de datos seg\u00fan lo establecido en nuestra <a href=\"https:\/\/onelifeclinic.com\/politica-de-privacidad\">Pol\u00edtica de Privacidad<\/a><\/span><\/span>\n<\/p><div class=\"wpcf7-response-output\" aria-hidden=\"true\"><\/div>\n<\/form>\n<\/div>\n<\/div><\/div>\n<\/div>\n<\/div>\n<\/div>\n\n<div class=\"et_pb_section_1 et_pb_section et_section_regular et_block_section preset--group--divi-section--divi-background--default preset--group--divi-section--divi-spacing--default\">\n<div class=\"et_pb_row_1 et_pb_row et_block_row preset--group--divi-row--divi-background--default preset--group--divi-row--divi-spacing--default preset--module--divi-row--default\">\n<div class=\"et_pb_column_2 et_pb_column et_pb_column_1_2 et_block_column et_pb_css_mix_blend_mode_passthrough preset--group--divi-column--divi-background--default preset--group--divi-column--divi-spacing--default\">\n<div class=\"et_pb_text_1 et_pb_text et_pb_bg_layout_light et_pb_module et_block_module season textAnimation preset--group--divi-text--divi-background--default preset--group--divi-text--divi-spacing--default preset--group--divi-text--divi-font-header--default preset--module--divi-text--default\"><div class=\"et_pb_text_inner\"><h1>Contact<\/h1>\n<\/div><\/div>\n<\/div>\n\n<div class=\"et_pb_column_3 et_pb_column et_pb_column_1_2 et-last-child et_block_column et_pb_css_mix_blend_mode_passthrough preset--group--divi-column--divi-background--default preset--group--divi-column--divi-spacing--default\">\n<div class=\"et_pb_text_2 et_pb_text et_pb_bg_layout_light et_pb_module et_block_module season preset--group--divi-text--divi-background--default preset--group--divi-text--divi-spacing--default preset--group--divi-text--divi-font-header--default preset--module--divi-text--default\"><div class=\"et_pb_text_inner\"><p><a href=\"tel:+376814460\">+376 814 460<\/a><\/p>\n<\/div><\/div>\n\n<div class=\"et_pb_text_3 et_pb_text et_pb_bg_layout_light et_pb_module et_block_module season preset--group--divi-text--divi-background--default preset--group--divi-text--divi-spacing--default preset--group--divi-text--divi-font-header--default preset--module--divi-text--default\"><div class=\"et_pb_text_inner\"><p>Dr. Nequi 9, AD500<\/p>\n<\/div><\/div>\n\n<div class=\"et_pb_text_4 et_pb_text et_pb_bg_layout_light et_pb_module et_block_module season preset--group--divi-text--divi-background--default preset--group--divi-text--divi-spacing--default preset--group--divi-text--divi-font-header--default preset--module--divi-text--default\"><div class=\"et_pb_text_inner\"><p>Andorra la Vella<\/p>\n<\/div><\/div>\n\n<div class=\"et_pb_text_5 et_pb_text et_pb_bg_layout_light et_pb_module et_block_module season preset--group--divi-text--divi-background--default preset--group--divi-text--divi-spacing--default preset--group--divi-text--divi-font-header--default preset--module--divi-text--default\"><div class=\"et_pb_text_inner\"><p>info@onelife.com<\/p>\n<\/div><\/div>\n<\/div>\n<\/div>\n<\/div>\n\n<div class=\"et_pb_section_2 et_pb_section et_section_regular et_block_section preset--group--divi-section--divi-background--default preset--group--divi-section--divi-spacing--default\">\n<div class=\"et_pb_row_2 et_pb_row et_block_row preset--group--divi-row--divi-background--default preset--group--divi-row--divi-spacing--default preset--module--divi-row--default\">\n<div class=\"et_pb_column_4 et_pb_column et_pb_column_4_4 et-last-child et_block_column et_pb_css_mix_blend_mode_passthrough preset--group--divi-column--divi-background--default preset--group--divi-column--divi-spacing--default\">\n<div class=\"et_pb_code_0 et_pb_code et_pb_module preset--group--divi-code--divi-background--default preset--group--divi-code--divi-spacing--default\"><div class=\"et_pb_code_inner\">\n\t\t\t\t<div class='mapster-wp-maps-container'>\n\t\t\t\t<div class='mapster-wp-maps-loader-container' style='height: 584px;width: 100%;'>\n\t\t\t\t\t<div class='mapster-map-loader-initial' style='background-color: rgba(255,255,255,0.6)'>\n\t\t\t\t\t\t<svg stroke=\"rgba(0, 0, 0, 0.3)\" fill=\"rgba(0, 0, 0, 0.3)\"width=\"38\" height=\"38\" viewBox=\"0 0 38 38\" xmlns=\"http:\/\/www.w3.org\/2000\/svg\" stroke=\"#fff\"> <g fill=\"none\" fill-rule=\"evenodd\"> <g transform=\"translate(1 1)\" stroke-width=\"2\"> <circle stroke-opacity=\".5\" cx=\"18\" cy=\"18\" r=\"18\"\/> <path d=\"M36 18c0-9.94-8.06-18-18-18\"> <animateTransform attributeName=\"transform\" type=\"rotate\" from=\"0 18 18\" to=\"360 18 18\" dur=\"1s\" repeatCount=\"indefinite\"\/> <\/path> <\/g> <\/g> <\/svg>\n\t\t\t\t\t<\/div>\n\t\t\t\t<\/div>\n\t\t\t\t<div class='mapster-wp-maps'\n\t\t\t\t\tid='mapster-wp-maps-796'\n\t\t\t\t\tdata-id='796'\n\t\t\t\t\tdata-latitude='null'\n\t\t\t\t\tdata-longitude='null'\n\t\t\t\t\tdata-zoom='null'\n\t\t\t\t\tdata-single_feature_id=''\n\t\t\t\t\tdata-feature_ids=''>\n\t\t\t\t<\/div>\n\t\t\t\t\n\t\t\t<\/div>\n\t\t\t<\/div><\/div>\n<\/div>\n<\/div>\n<\/div>","protected":false},"excerpt":{"rendered":"","protected":false},"author":3,"featured_media":0,"parent":0,"menu_order":0,"comment_status":"closed","ping_status":"closed","template":"","meta":{"_acf_changed":false,"footnotes":""},"class_list":["post-1250","page","type-page","status-publish","hentry"],"acf":[],"dsm_author":{"name":"Cactus Seny Gr\u00e0fic","avatar_url":"https:\/\/secure.gravatar.com\/avatar\/bb454ee17ba8e47272d849674b566136b7ec16cd0105cc978af9d0592d1fb69a?s=96&d=mm&r=g","archive_link":"https:\/\/onelifeclinic.com\/en\/author\/cactussenygrafic\/","biodata":""},"dsm_categories":[],"dsm_attachment_categories":[],"dsm_featured_image":null,"yoast_head":"<!-- This site is optimized with the Yoast SEO plugin v27.0 - https:\/\/yoast.com\/product\/yoast-seo-wordpress\/ -->\n<title>Contact - One Life<\/title>\n<meta name=\"robots\" content=\"index, follow, max-snippet:-1, max-image-preview:large, max-video-preview:-1\" \/>\n<link rel=\"canonical\" href=\"https:\/\/onelifeclinic.com\/en\/contact\/\" \/>\n<meta property=\"og:locale\" content=\"en_US\" \/>\n<meta property=\"og:type\" content=\"article\" \/>\n<meta property=\"og:title\" content=\"Contact - One Life\" \/>\n<meta property=\"og:url\" content=\"https:\/\/onelifeclinic.com\/en\/contact\/\" \/>\n<meta property=\"og:site_name\" content=\"One Life\" \/>\n<meta property=\"article:modified_time\" content=\"2025-11-24T14:28:44+00:00\" \/>\n<meta name=\"twitter:card\" content=\"summary_large_image\" \/>\n<script type=\"application\/ld+json\" class=\"yoast-schema-graph\">{\"@context\":\"https:\/\/schema.org\",\"@graph\":[{\"@type\":\"WebPage\",\"@id\":\"https:\/\/onelifeclinic.com\/en\/contact\/\",\"url\":\"https:\/\/onelifeclinic.com\/en\/contact\/\",\"name\":\"Contact - One Life\",\"isPartOf\":{\"@id\":\"https:\/\/onelifeclinic.com\/en\/#website\"},\"datePublished\":\"2025-07-03T13:29:59+00:00\",\"dateModified\":\"2025-11-24T14:28:44+00:00\",\"breadcrumb\":{\"@id\":\"https:\/\/onelifeclinic.com\/en\/contact\/#breadcrumb\"},\"inLanguage\":\"en-US\",\"potentialAction\":[{\"@type\":\"ReadAction\",\"target\":[\"https:\/\/onelifeclinic.com\/en\/contact\/\"]}]},{\"@type\":\"BreadcrumbList\",\"@id\":\"https:\/\/onelifeclinic.com\/en\/contact\/#breadcrumb\",\"itemListElement\":[{\"@type\":\"ListItem\",\"position\":1,\"name\":\"Portada\",\"item\":\"https:\/\/onelifeclinic.com\/en\/\"},{\"@type\":\"ListItem\",\"position\":2,\"name\":\"Contact\"}]},{\"@type\":\"WebSite\",\"@id\":\"https:\/\/onelifeclinic.com\/en\/#website\",\"url\":\"https:\/\/onelifeclinic.com\/en\/\",\"name\":\"One Life\",\"description\":\"A new horizon of health\",\"potentialAction\":[{\"@type\":\"SearchAction\",\"target\":{\"@type\":\"EntryPoint\",\"urlTemplate\":\"https:\/\/onelifeclinic.com\/en\/?s={search_term_string}\"},\"query-input\":{\"@type\":\"PropertyValueSpecification\",\"valueRequired\":true,\"valueName\":\"search_term_string\"}}],\"inLanguage\":\"en-US\"}]}<\/script>\n<!-- \/ Yoast SEO plugin. -->","yoast_head_json":{"title":"Contact - One Life","robots":{"index":"index","follow":"follow","max-snippet":"max-snippet:-1","max-image-preview":"max-image-preview:large","max-video-preview":"max-video-preview:-1"},"canonical":"https:\/\/onelifeclinic.com\/en\/contact\/","og_locale":"en_US","og_type":"article","og_title":"Contact - One Life","og_url":"https:\/\/onelifeclinic.com\/en\/contact\/","og_site_name":"One Life","article_modified_time":"2025-11-24T14:28:44+00:00","twitter_card":"summary_large_image","schema":{"@context":"https:\/\/schema.org","@graph":[{"@type":"WebPage","@id":"https:\/\/onelifeclinic.com\/en\/contact\/","url":"https:\/\/onelifeclinic.com\/en\/contact\/","name":"Contact - One Life","isPartOf":{"@id":"https:\/\/onelifeclinic.com\/en\/#website"},"datePublished":"2025-07-03T13:29:59+00:00","dateModified":"2025-11-24T14:28:44+00:00","breadcrumb":{"@id":"https:\/\/onelifeclinic.com\/en\/contact\/#breadcrumb"},"inLanguage":"en-US","potentialAction":[{"@type":"ReadAction","target":["https:\/\/onelifeclinic.com\/en\/contact\/"]}]},{"@type":"BreadcrumbList","@id":"https:\/\/onelifeclinic.com\/en\/contact\/#breadcrumb","itemListElement":[{"@type":"ListItem","position":1,"name":"Portada","item":"https:\/\/onelifeclinic.com\/en\/"},{"@type":"ListItem","position":2,"name":"Contact"}]},{"@type":"WebSite","@id":"https:\/\/onelifeclinic.com\/en\/#website","url":"https:\/\/onelifeclinic.com\/en\/","name":"One Life","description":"A new horizon of health","potentialAction":[{"@type":"SearchAction","target":{"@type":"EntryPoint","urlTemplate":"https:\/\/onelifeclinic.com\/en\/?s={search_term_string}"},"query-input":{"@type":"PropertyValueSpecification","valueRequired":true,"valueName":"search_term_string"}}],"inLanguage":"en-US"}]}},"_links":{"self":[{"href":"https:\/\/onelifeclinic.com\/en\/wp-json\/wp\/v2\/pages\/1250","targetHints":{"allow":["GET"]}}],"collection":[{"href":"https:\/\/onelifeclinic.com\/en\/wp-json\/wp\/v2\/pages"}],"about":[{"href":"https:\/\/onelifeclinic.com\/en\/wp-json\/wp\/v2\/types\/page"}],"author":[{"embeddable":true,"href":"https:\/\/onelifeclinic.com\/en\/wp-json\/wp\/v2\/users\/3"}],"replies":[{"embeddable":true,"href":"https:\/\/onelifeclinic.com\/en\/wp-json\/wp\/v2\/comments?post=1250"}],"version-history":[{"count":0,"href":"https:\/\/onelifeclinic.com\/en\/wp-json\/wp\/v2\/pages\/1250\/revisions"}],"wp:attachment":[{"href":"https:\/\/onelifeclinic.com\/en\/wp-json\/wp\/v2\/media?parent=1250"}],"curies":[{"name":"wp","href":"https:\/\/api.w.org\/{rel}","templated":true}]}}